{"id":7614,"date":"2022-04-25T10:47:32","date_gmt":"2022-04-25T10:47:32","guid":{"rendered":"https:\/\/www.dsc.com.tr\/unternehmen\/"},"modified":"2025-09-11T06:27:25","modified_gmt":"2025-09-11T06:27:25","slug":"unternehmen","status":"publish","type":"page","link":"https:\/\/www.dsc.com.tr\/de\/unternehmen\/","title":{"rendered":"Unternehmen"},"content":{"rendered":"\t\t<div data-elementor-type=\"wp-page\" data-elementor-id=\"7614\" class=\"elementor elementor-7614 elementor-5105\">\n\t\t\t\t\t\t<section class=\"elementor-section elementor-top-section elementor-element elementor-element-0c2cca1 elementor-section-boxed elementor-section-height-default elementor-section-height-default\" data-id=\"0c2cca1\" data-element_type=\"section\">\n\t\t\t\t\t\t<div class=\"elementor-container elementor-column-gap-default\">\n\t\t\t\t\t<div class=\"elementor-column elementor-col-100 elementor-top-column elementor-element elementor-element-7446340\" data-id=\"7446340\" data-element_type=\"column\">\n\t\t\t<div class=\"elementor-widget-wrap elementor-element-populated\">\n\t\t\t\t\t\t<div class=\"elementor-element elementor-element-dac42fd elementor-widget elementor-widget-spacer\" data-id=\"dac42fd\" data-element_type=\"widget\" data-widget_type=\"spacer.default\">\n\t\t\t\t<div class=\"elementor-widget-container\">\n\t\t\t\t\t\t\t<div class=\"elementor-spacer\">\n\t\t\t<div class=\"elementor-spacer-inner\"><\/div>\n\t\t<\/div>\n\t\t\t\t\t\t<\/div>\n\t\t\t\t<\/div>\n\t\t\t\t\t<\/div>\n\t\t<\/div>\n\t\t\t\t\t<\/div>\n\t\t<\/section>\n\t\t\t\t<section class=\"elementor-section elementor-top-section elementor-element elementor-element-5812e7d elementor-section-boxed elementor-section-height-default elementor-section-height-default\" data-id=\"5812e7d\" data-element_type=\"section\">\n\t\t\t\t\t\t<div class=\"elementor-container elementor-column-gap-default\">\n\t\t\t\t\t<div class=\"elementor-column elementor-col-50 elementor-top-column elementor-element elementor-element-82fe120\" data-id=\"82fe120\" data-element_type=\"column\">\n\t\t\t<div class=\"elementor-widget-wrap elementor-element-populated\">\n\t\t\t\t\t\t<div class=\"elementor-element elementor-element-ecc3c23 elementor-widget elementor-widget-heading\" data-id=\"ecc3c23\" data-element_type=\"widget\" data-widget_type=\"heading.default\">\n\t\t\t\t<div class=\"elementor-widget-container\">\n\t\t\t\t\t<h2 class=\"elementor-heading-title elementor-size-default\">Als DSC Mechatronik verpflichten wir uns, Ihr L\u00d6SUNGSFOKUS zu sein.<\/h2>\t\t\t\t<\/div>\n\t\t\t\t<\/div>\n\t\t\t\t<div class=\"elementor-element elementor-element-43bef5f elementor-widget elementor-widget-text-editor\" data-id=\"43bef5f\" data-element_type=\"widget\" data-widget_type=\"text-editor.default\">\n\t\t\t\t<div class=\"elementor-widget-container\">\n\t\t\t\t\t\t\t\t\t<p>Unser Unternehmen, das seit 2007 die Marke DESTACO in der T\u00fcrkei vertreibt, wird mit seiner Spitzentechnologie, seinen Produkten, Dienstleistungen und seiner fortschrittlichen Technik von h\u00f6chster Qualit\u00e4t und Sicherheit, die den Standards entsprechen, auch weiterhin einen Mehrwert f\u00fcr die Branche schaffen, insbesondere in der Automobil- und Zulieferindustrie sowie in der Luft- und Raumfahrt, der Konsumg\u00fcterindustrie, der Maschinenbau- und Produktionsindustrie.<\/p><p>Unser Unternehmen bietet unseren Kunden in den Produktgruppen Klemmst\u00fctzen, Klemmen, Greifer, Linearpositionierung, Rundtische, Transportsysteme mit <strong>Destaco<\/strong>&#8211; und Linearf\u00fchrungen, Roboter-Linearachsen und <strong>Portalsysteme <\/strong>mit unseren fachkundigen Mitarbeitern im Bereich der Produktauswahl, w\u00e4hrend und nach der Projektphase die notwendigen Service- und Engineering-Dienstleistungen an.<\/p>\t\t\t\t\t\t\t\t<\/div>\n\t\t\t\t<\/div>\n\t\t\t\t\t<\/div>\n\t\t<\/div>\n\t\t\t\t<div class=\"elementor-column elementor-col-50 elementor-top-column elementor-element elementor-element-f08d445\" data-id=\"f08d445\" data-element_type=\"column\">\n\t\t\t<div class=\"elementor-widget-wrap elementor-element-populated\">\n\t\t\t\t\t\t<div class=\"elementor-element elementor-element-80f31e1 elementor-widget elementor-widget-image\" data-id=\"80f31e1\" data-element_type=\"widget\" data-widget_type=\"image.default\">\n\t\t\t\t<div class=\"elementor-widget-container\">\n\t\t\t\t\t\t\t\t\t\t\t\t\t\t\t<img fetchpriority=\"high\" decoding=\"async\" width=\"580\" height=\"491\" src=\"https:\/\/www.dsc.com.tr\/wp-content\/uploads\/2022\/06\/dsc.png\" class=\"attachment-large size-large wp-image-7305\" alt=\"\" srcset=\"https:\/\/www.dsc.com.tr\/wp-content\/uploads\/2022\/06\/dsc.png 778w, https:\/\/www.dsc.com.tr\/wp-content\/uploads\/2022\/06\/dsc-300x254.png 300w, https:\/\/www.dsc.com.tr\/wp-content\/uploads\/2022\/06\/dsc-768x650.png 768w\" sizes=\"(max-width: 580px) 100vw, 580px\" \/>\t\t\t\t\t\t\t\t\t\t\t\t\t\t\t<\/div>\n\t\t\t\t<\/div>\n\t\t\t\t\t<\/div>\n\t\t<\/div>\n\t\t\t\t\t<\/div>\n\t\t<\/section>\n\t\t\t\t<section class=\"elementor-section elementor-top-section elementor-element elementor-element-28cf7c6 elementor-section-boxed elementor-section-height-default elementor-section-height-default\" data-id=\"28cf7c6\" data-element_type=\"section\">\n\t\t\t\t\t\t<div class=\"elementor-container elementor-column-gap-default\">\n\t\t\t\t\t<div class=\"elementor-column elementor-col-100 elementor-top-column elementor-element elementor-element-829f571\" data-id=\"829f571\" data-element_type=\"column\">\n\t\t\t<div class=\"elementor-widget-wrap elementor-element-populated\">\n\t\t\t\t\t\t<div class=\"elementor-element elementor-element-911e1c0 elementor-widget elementor-widget-text-editor\" data-id=\"911e1c0\" data-element_type=\"widget\" data-widget_type=\"text-editor.default\">\n\t\t\t\t<div class=\"elementor-widget-container\">\n\t\t\t\t\t\t\t\t\t<p><span id=\"u58588\">DAS REZEPT DER ZUKUNFT WIRD AUCH<\/span><span id=\"u58588\"> UNSERE UNTERSCHRIFT <\/span><span id=\"u58588-3\">TRAGEN <\/span><\/p>\t\t\t\t\t\t\t\t<\/div>\n\t\t\t\t<\/div>\n\t\t\t\t\t<\/div>\n\t\t<\/div>\n\t\t\t\t\t<\/div>\n\t\t<\/section>\n\t\t\t\t<section class=\"elementor-section elementor-top-section elementor-element elementor-element-91be131 elementor-section-boxed elementor-section-height-default elementor-section-height-default\" data-id=\"91be131\" data-element_type=\"section\">\n\t\t\t\t\t\t<div class=\"elementor-container elementor-column-gap-default\">\n\t\t\t\t\t<div class=\"elementor-column elementor-col-100 elementor-top-column elementor-element elementor-element-df1afb6\" data-id=\"df1afb6\" data-element_type=\"column\">\n\t\t\t<div class=\"elementor-widget-wrap elementor-element-populated\">\n\t\t\t\t\t\t<div class=\"elementor-element elementor-element-6dbead2 elementor-widget elementor-widget-image\" data-id=\"6dbead2\" data-element_type=\"widget\" data-widget_type=\"image.default\">\n\t\t\t\t<div class=\"elementor-widget-container\">\n\t\t\t\t\t\t\t\t\t\t\t\t\t\t\t<img decoding=\"async\" width=\"1470\" height=\"435\" src=\"https:\/\/www.dsc.com.tr\/wp-content\/uploads\/2022\/06\/dsc5.png\" class=\"attachment-full size-full wp-image-7618\" alt=\"\" srcset=\"https:\/\/www.dsc.com.tr\/wp-content\/uploads\/2022\/06\/dsc5.png 1470w, https:\/\/www.dsc.com.tr\/wp-content\/uploads\/2022\/06\/dsc5-300x89.png 300w, https:\/\/www.dsc.com.tr\/wp-content\/uploads\/2022\/06\/dsc5-1024x303.png 1024w, https:\/\/www.dsc.com.tr\/wp-content\/uploads\/2022\/06\/dsc5-768x227.png 768w, https:\/\/www.dsc.com.tr\/wp-content\/uploads\/2022\/06\/dsc5-1200x355.png 1200w\" sizes=\"(max-width: 1470px) 100vw, 1470px\" \/>\t\t\t\t\t\t\t\t\t\t\t\t\t\t\t<\/div>\n\t\t\t\t<\/div>\n\t\t\t\t\t<\/div>\n\t\t<\/div>\n\t\t\t\t\t<\/div>\n\t\t<\/section>\n\t\t\t\t<section class=\"elementor-section elementor-top-section elementor-element elementor-element-b291ac5 elementor-section-boxed elementor-section-height-default elementor-section-height-default\" data-id=\"b291ac5\" data-element_type=\"section\">\n\t\t\t\t\t\t<div class=\"elementor-container elementor-column-gap-default\">\n\t\t\t\t\t<div class=\"elementor-column elementor-col-100 elementor-top-column elementor-element elementor-element-a46f8d6\" data-id=\"a46f8d6\" data-element_type=\"column\">\n\t\t\t<div class=\"elementor-widget-wrap elementor-element-populated\">\n\t\t\t\t\t\t<div class=\"elementor-element elementor-element-88a6b0b elementor-widget elementor-widget-text-editor\" data-id=\"88a6b0b\" data-element_type=\"widget\" data-widget_type=\"text-editor.default\">\n\t\t\t\t<div class=\"elementor-widget-container\">\n\t\t\t\t\t\t\t\t\t<p>DSC Mechatronik wird kontinuierlich Mehrwert schaffen, indem es die Branchenbed\u00fcrfnisse auf seiner Plattform erkennt und erf\u00fcllt; mit einer Organisationsstruktur, die Offenheit und soziale Verantwortung in den Vordergrund stellt, wird das Unternehmen auch weiterhin seinen Marktanteil ausbauen und seine F\u00fchrungspositionen in diesem Bereich behaupten.<\/p><p>Unsere Erwartung an unsere Mitarbeiter besteht darin, dass sie, basierend auf Ehrlichkeit und Verantwortungsbewusstsein, ihre Ziele auf der Grundlage unserer Unternehmenswerte gegenseitiger Wertsch\u00e4tzung, Erfolg, Programmplanung, Produkt- und Servicequalit\u00e4t, p\u00fcnktlicher Lieferung und Kundenzufriedenheit erreichen.<\/p>\t\t\t\t\t\t\t\t<\/div>\n\t\t\t\t<\/div>\n\t\t\t\t\t<\/div>\n\t\t<\/div>\n\t\t\t\t\t<\/div>\n\t\t<\/section>\n\t\t\t\t<section class=\"elementor-section elementor-top-section elementor-element elementor-element-8ab568a elementor-section-boxed elementor-section-height-default elementor-section-height-default\" data-id=\"8ab568a\" data-element_type=\"section\">\n\t\t\t\t\t\t<div class=\"elementor-container elementor-column-gap-default\">\n\t\t\t\t\t<div class=\"elementor-column elementor-col-50 elementor-top-column elementor-element elementor-element-0db55d8\" data-id=\"0db55d8\" data-element_type=\"column\" data-settings=\"{&quot;background_background&quot;:&quot;classic&quot;}\">\n\t\t\t<div class=\"elementor-widget-wrap elementor-element-populated\">\n\t\t\t\t\t\t<div class=\"elementor-element elementor-element-dcb8b13 elementor-widget elementor-widget-heading\" data-id=\"dcb8b13\" data-element_type=\"widget\" data-widget_type=\"heading.default\">\n\t\t\t\t<div class=\"elementor-widget-container\">\n\t\t\t\t\t<h2 class=\"elementor-heading-title elementor-size-default\">UNSERE MISSION<\/h2>\t\t\t\t<\/div>\n\t\t\t\t<\/div>\n\t\t\t\t<div class=\"elementor-element elementor-element-ba491f6 elementor-widget elementor-widget-text-editor\" data-id=\"ba491f6\" data-element_type=\"widget\" data-widget_type=\"text-editor.default\">\n\t\t\t\t<div class=\"elementor-widget-container\">\n\t\t\t\t\t\t\t\t\t<p>Einen Mehrwert f\u00fcr die Branche schaffen, indem wir unseren Kunden, Gesch\u00e4ftspartnern und der Gesellschaft innovative, hochtechnologische, hochwertige und sichere Produkte und Dienstleistungen anbieten.<\/p><p>H\u00f6chste Kundenzufriedenheit erreichen.<\/p><p>Die Mitarbeiterzufriedenheit kontinuierlich steigern.<\/p><p>Zur t\u00fcrkischen Wirtschaft beitragen und uns dabei unserer Verantwortung gegen\u00fcber der Umwelt und der Gesellschaft bewusst sein.<\/p>\t\t\t\t\t\t\t\t<\/div>\n\t\t\t\t<\/div>\n\t\t\t\t\t<\/div>\n\t\t<\/div>\n\t\t\t\t<div class=\"elementor-column elementor-col-50 elementor-top-column elementor-element elementor-element-461a2b8\" data-id=\"461a2b8\" data-element_type=\"column\" data-settings=\"{&quot;background_background&quot;:&quot;classic&quot;}\">\n\t\t\t<div class=\"elementor-widget-wrap elementor-element-populated\">\n\t\t\t\t\t\t<div class=\"elementor-element elementor-element-47dd2b4 elementor-widget elementor-widget-heading\" data-id=\"47dd2b4\" data-element_type=\"widget\" data-widget_type=\"heading.default\">\n\t\t\t\t<div class=\"elementor-widget-container\">\n\t\t\t\t\t<h2 class=\"elementor-heading-title elementor-size-default\">UNSERE VISION<\/h2>\t\t\t\t<\/div>\n\t\t\t\t<\/div>\n\t\t\t\t<div class=\"elementor-element elementor-element-8c350b6 elementor-widget elementor-widget-text-editor\" data-id=\"8c350b6\" data-element_type=\"widget\" data-widget_type=\"text-editor.default\">\n\t\t\t\t<div class=\"elementor-widget-container\">\n\t\t\t\t\t\t\t\t\t<p>Ein Unternehmen zu sein, das durch die Sicherstellung der Kundenzufriedenheit langfristige und positive Beziehungen zu seinen Kunden aufbaut.<\/p><p>Ein Unternehmen zu sein, das durch seine herausragende und innovative Rolle das Potenzial f\u00fcr Innovation, Kreativit\u00e4t und Spitzenleistung nutzt.<\/p><p>Ein Unternehmen sein, das kontinuierlich Werte schafft, indem es Branchenbed\u00fcrfnisse auf der von ihm betriebenen Plattform erkennt und erf\u00fcllt, seinen Marktanteil steigert und seine F\u00fchrungsposition in diesem Bereich behauptet.<\/p><p>Ein Unternehmen mit einer Organisationsstruktur zu sein, die Offenheit und soziale Verantwortung sch\u00e4tzt.<\/p>\t\t\t\t\t\t\t\t<\/div>\n\t\t\t\t<\/div>\n\t\t\t\t\t<\/div>\n\t\t<\/div>\n\t\t\t\t\t<\/div>\n\t\t<\/section>\n\t\t\t\t<section class=\"elementor-section elementor-top-section elementor-element elementor-element-5560795 elementor-section-boxed elementor-section-height-default elementor-section-height-default\" data-id=\"5560795\" data-element_type=\"section\">\n\t\t\t\t\t\t<div class=\"elementor-container elementor-column-gap-default\">\n\t\t\t\t\t<div class=\"elementor-column elementor-col-100 elementor-top-column elementor-element elementor-element-2cf9da4\" data-id=\"2cf9da4\" data-element_type=\"column\">\n\t\t\t<div class=\"elementor-widget-wrap elementor-element-populated\">\n\t\t\t\t\t\t<div class=\"elementor-element elementor-element-375fd94 elementor-widget elementor-widget-spacer\" data-id=\"375fd94\" data-element_type=\"widget\" data-widget_type=\"spacer.default\">\n\t\t\t\t<div class=\"elementor-widget-container\">\n\t\t\t\t\t\t\t<div class=\"elementor-spacer\">\n\t\t\t<div class=\"elementor-spacer-inner\"><\/div>\n\t\t<\/div>\n\t\t\t\t\t\t<\/div>\n\t\t\t\t<\/div>\n\t\t\t\t\t<\/div>\n\t\t<\/div>\n\t\t\t\t\t<\/div>\n\t\t<\/section>\n\t\t\t\t<\/div>\n\t\t","protected":false},"excerpt":{"rendered":"<p>Als DSC Mechatronik verpflichten wir uns, Ihr L\u00d6SUNGSFOKUS zu sein. Unser Unternehmen, das seit 2007 die Marke DESTACO in der T\u00fcrkei vertreibt, wird mit seiner Spitzentechnologie, seinen Produkten, Dienstleistungen und seiner fortschrittlichen Technik von h\u00f6chster Qualit\u00e4t und Sicherheit, die den Standards entsprechen, auch weiterhin einen Mehrwert f\u00fcr die Branche schaffen, insbesondere in der Automobil- und [&hellip;]<\/p>\n","protected":false},"author":1,"featured_media":0,"parent":0,"menu_order":0,"comment_status":"closed","ping_status":"closed","template":"","meta":{"_monsterinsights_skip_tracking":false,"_monsterinsights_sitenote_active":false,"_monsterinsights_sitenote_note":"","_monsterinsights_sitenote_category":0,"footnotes":""},"class_list":["post-7614","page","type-page","status-publish","hentry"],"aioseo_notices":[],"_links":{"self":[{"href":"https:\/\/www.dsc.com.tr\/de\/wp-json\/wp\/v2\/pages\/7614","targetHints":{"allow":["GET"]}}],"collection":[{"href":"https:\/\/www.dsc.com.tr\/de\/wp-json\/wp\/v2\/pages"}],"about":[{"href":"https:\/\/www.dsc.com.tr\/de\/wp-json\/wp\/v2\/types\/page"}],"author":[{"embeddable":true,"href":"https:\/\/www.dsc.com.tr\/de\/wp-json\/wp\/v2\/users\/1"}],"replies":[{"embeddable":true,"href":"https:\/\/www.dsc.com.tr\/de\/wp-json\/wp\/v2\/comments?post=7614"}],"version-history":[{"count":4,"href":"https:\/\/www.dsc.com.tr\/de\/wp-json\/wp\/v2\/pages\/7614\/revisions"}],"predecessor-version":[{"id":7622,"href":"https:\/\/www.dsc.com.tr\/de\/wp-json\/wp\/v2\/pages\/7614\/revisions\/7622"}],"wp:attachment":[{"href":"https:\/\/www.dsc.com.tr\/de\/wp-json\/wp\/v2\/media?parent=7614"}],"curies":[{"name":"wp","href":"https:\/\/api.w.org\/{rel}","templated":true}]}}